{"id":955,"date":"2024-08-30T12:59:59","date_gmt":"2024-08-30T12:59:59","guid":{"rendered":"https:\/\/mestredoceiro.com.br\/layout\/?post_type=product&#038;p=955"},"modified":"2025-05-07T08:59:35","modified_gmt":"2025-05-07T08:59:35","slug":"kit-canudinhos-36unid-com-doce-de-leite-500g","status":"publish","type":"product","link":"https:\/\/mestredoceiro.com.br\/layout\/produto\/kit-canudinhos-36unid-com-doce-de-leite-500g\/","title":{"rendered":"Kit Canudinhos (36unid) com Doce de Leite (500g)"},"content":{"rendered":"<p>Canudinhos com Doce de Leite: Del\u00edcia \u00e9 o seu nome!<\/p>\n<p>Este kit cont\u00e9m 36 canudinhos fresquinhos e crocantes, e uma bisnaga com 500g de Doce de Leite Duplo Leite com a Raspa do Tacho. Feito com pouqu\u00edssimo a\u00e7\u00facar e muito carinho pelo Mestre Doceiro, o Doce de Leite tem uma consist\u00eancia cremos\u00edssima, caracter\u00edstica de Doces com pouco a\u00e7\u00facar. \u00c9 de comer rezando!<\/p>\n","protected":false},"excerpt":{"rendered":"<p>Canudinhos com Doce de Leite: Del\u00edcia \u00e9 o seu nome! Este kit cont\u00e9m 36 canudinhos fresquinhos e crocantes, e uma bisnaga com 500g de Doce de Leite Duplo Leite com a Raspa do Tacho. Feito com pouqu\u00edssimo a\u00e7\u00facar e muito carinho pelo Mestre Doceiro, o Doce de Leite tem uma consist\u00eancia cremos\u00edssima, caracter\u00edstica de Doces [&hellip;]<\/p>\n","protected":false},"featured_media":956,"comment_status":"open","ping_status":"closed","template":"","meta":[],"product_cat":[60],"product_tag":[],"class_list":{"0":"post-955","1":"product","2":"type-product","3":"status-publish","4":"has-post-thumbnail","6":"product_cat-kits","8":"first","9":"instock","10":"shipping-taxable","11":"purchasable","12":"product-type-simple"},"_links":{"self":[{"href":"https:\/\/mestredoceiro.com.br\/layout\/wp-json\/wp\/v2\/product\/955"}],"collection":[{"href":"https:\/\/mestredoceiro.com.br\/layout\/wp-json\/wp\/v2\/product"}],"about":[{"href":"https:\/\/mestredoceiro.com.br\/layout\/wp-json\/wp\/v2\/types\/product"}],"replies":[{"embeddable":true,"href":"https:\/\/mestredoceiro.com.br\/layout\/wp-json\/wp\/v2\/comments?post=955"}],"wp:featuredmedia":[{"embeddable":true,"href":"https:\/\/mestredoceiro.com.br\/layout\/wp-json\/wp\/v2\/media\/956"}],"wp:attachment":[{"href":"https:\/\/mestredoceiro.com.br\/layout\/wp-json\/wp\/v2\/media?parent=955"}],"wp:term":[{"taxonomy":"product_cat","embeddable":true,"href":"https:\/\/mestredoceiro.com.br\/layout\/wp-json\/wp\/v2\/product_cat?post=955"},{"taxonomy":"product_tag","embeddable":true,"href":"https:\/\/mestredoceiro.com.br\/layout\/wp-json\/wp\/v2\/product_tag?post=955"}],"curies":[{"name":"wp","href":"https:\/\/api.w.org\/{rel}","templated":true}]}}