{"id":950,"date":"2024-08-30T12:58:10","date_gmt":"2024-08-30T12:58:10","guid":{"rendered":"https:\/\/mestredoceiro.com.br\/layout\/?post_type=product&#038;p=950"},"modified":"2024-08-30T12:58:42","modified_gmt":"2024-08-30T12:58:42","slug":"caixa-kit-mini-5-doces","status":"publish","type":"product","link":"https:\/\/mestredoceiro.com.br\/layout\/produto\/caixa-kit-mini-5-doces\/","title":{"rendered":"Caixa Kit Mini + 5 Doces"},"content":{"rendered":"<p>Caixa com um kit de Canudinhos Mini, um pote de Doce de Leite Puxento, um pote de Doce de Leite cremoso Duplo Leite com Caf\u00e9, tr\u00eas pacotes de 200g de Doce de Leite em Pedacinhos, sendo um Tradicional, um com Goiabada e Queijo e um com Cacau e Caf\u00e9.<\/p>\n","protected":false},"excerpt":{"rendered":"<p>Caixa com um kit de Canudinhos Mini, um pote de Doce de Leite Puxento, um pote de Doce de Leite cremoso Duplo Leite com Caf\u00e9, tr\u00eas pacotes de 200g de Doce de Leite em Pedacinhos, sendo um Tradicional, um com Goiabada e Queijo e um com Cacau e Caf\u00e9.<\/p>\n","protected":false},"featured_media":951,"comment_status":"open","ping_status":"closed","template":"","meta":[],"product_cat":[60],"product_tag":[],"class_list":{"0":"post-950","1":"product","2":"type-product","3":"status-publish","4":"has-post-thumbnail","6":"product_cat-kits","8":"first","9":"instock","10":"shipping-taxable","11":"purchasable","12":"product-type-simple"},"_links":{"self":[{"href":"https:\/\/mestredoceiro.com.br\/layout\/wp-json\/wp\/v2\/product\/950"}],"collection":[{"href":"https:\/\/mestredoceiro.com.br\/layout\/wp-json\/wp\/v2\/product"}],"about":[{"href":"https:\/\/mestredoceiro.com.br\/layout\/wp-json\/wp\/v2\/types\/product"}],"replies":[{"embeddable":true,"href":"https:\/\/mestredoceiro.com.br\/layout\/wp-json\/wp\/v2\/comments?post=950"}],"wp:featuredmedia":[{"embeddable":true,"href":"https:\/\/mestredoceiro.com.br\/layout\/wp-json\/wp\/v2\/media\/951"}],"wp:attachment":[{"href":"https:\/\/mestredoceiro.com.br\/layout\/wp-json\/wp\/v2\/media?parent=950"}],"wp:term":[{"taxonomy":"product_cat","embeddable":true,"href":"https:\/\/mestredoceiro.com.br\/layout\/wp-json\/wp\/v2\/product_cat?post=950"},{"taxonomy":"product_tag","embeddable":true,"href":"https:\/\/mestredoceiro.com.br\/layout\/wp-json\/wp\/v2\/product_tag?post=950"}],"curies":[{"name":"wp","href":"https:\/\/api.w.org\/{rel}","templated":true}]}}