{"id":34,"date":"2024-07-12T18:20:20","date_gmt":"2024-07-12T18:20:20","guid":{"rendered":"https:\/\/portifolio.id3sistemas.com.br\/vestgala\/?page_id=34"},"modified":"2024-07-12T18:22:28","modified_gmt":"2024-07-12T18:22:28","slug":"reembolso_devolucoes","status":"publish","type":"page","link":"https:\/\/mestredoceiro.com.br\/layout\/reembolso_devolucoes\/","title":{"rendered":"Pol\u00edtica de reembolso e devolu\u00e7\u00f5es"},"content":{"rendered":"\t\t<div data-elementor-type=\"wp-page\" data-elementor-id=\"34\" class=\"elementor elementor-34\" data-elementor-post-type=\"page\">\n\t\t\t\t<div class=\"elementor-element elementor-element-e8e90fc e-flex e-con-boxed e-con e-parent\" data-id=\"e8e90fc\" data-element_type=\"container\">\n\t\t\t\t\t<div class=\"e-con-inner\">\n\t\t\t\t<div class=\"elementor-element elementor-element-0ba5984 elementor-widget elementor-widget-heading\" data-id=\"0ba5984\" data-element_type=\"widget\" data-widget_type=\"heading.default\">\n\t\t\t\t<div class=\"elementor-widget-container\">\n\t\t\t<h2 class=\"elementor-heading-title elementor-size-default\">Pol\u00edtica de trocas e devolu\u00e7\u00f5es<\/h2>\t\t<\/div>\n\t\t\t\t<\/div>\n\t\t\t\t<div class=\"elementor-element elementor-element-2de290b elementor-widget elementor-widget-text-editor\" data-id=\"2de290b\" data-element_type=\"widget\" data-widget_type=\"text-editor.default\">\n\t\t\t\t<div class=\"elementor-widget-container\">\n\t\t\t\t\t\t\t<p><strong>POL\u00cdTICAS: TROCA E DEVOLU\u00c7\u00c3O<\/strong><\/p>\n<p>Queremos que a sua experi\u00eancia na loja online vestgala.com.br seja incr\u00edvel!<\/p>\n<p>Nossa pol\u00edtica de trocas e devolu\u00e7\u00f5es \u00e9 bem flex\u00edvel, criamos uma pol\u00edtica que atende \u00e0s suas necessidades e respeita a legisla\u00e7\u00e3o vigente (Lei Federal n\u00ba 8.078, de 1990, que deu origem ao C\u00f3digo de Defesa do Consumidor)<\/p>\n<p>Aceitamos devolu\u00e7\u00f5es por qualquer motivo em at\u00e9 7 (sete) dias e trocas at\u00e9 7 (sete) dias corridos ap\u00f3s o recebimento de seu pedido. Envie-nos uma mensagem pelo whatsapp oficial<\/p>\n<p><br \/><strong>TROCA<\/strong><\/p>\n<p>A solicita\u00e7\u00e3o de troca deve ser feita atrav\u00e9s do nosso whatsapp dentro do prazo de at\u00e9 7 (sete) dias corridos, contados da data do recebimento da sua compra. Ap\u00f3s o recebimento em nossa central, a pe\u00e7a ser\u00e1 analisada e ser\u00e1 enviado ao cliente um vale-troca para que realize uma nova compra no site vestgala.com.br<\/p>\n<p>Ap\u00f3s a solicita\u00e7\u00e3o da troca, voc\u00ea receber\u00e1 um c\u00f3digo de autoriza\u00e7\u00e3o de postagem com validade de 4 (dias) dias corridos. Com este c\u00f3digo voc\u00ea pode realizar o envio do produto em qualquer ag\u00eancia dos Correios, sem custo, dentro do prazo indicado. Ap\u00f3s o t\u00e9rmino do prazo, n\u00e3o \u00e9 poss\u00edvel realizar a postagem do produto e realizar a troca.<\/p>\n<p><strong>DEVOLU\u00c7\u00c3O<\/strong><\/p>\n<p>O prazo para realizar a devolu\u00e7\u00e3o \u00e9 de 7 (sete) dias contados a partir da data de recebimento da sua compra. Para realizar a devolu\u00e7\u00e3o, voc\u00ea dever\u00e1 entrar em contato com a nossa equipe pelo whatsapp (31) 98858-6976 e ap\u00f3s orienta\u00e7\u00f5es, dever\u00e1 enviar a mercadoria onde os custos do envio \u00e9 por parte do comprardor. Ap\u00f3s a an\u00e1lise do produto o prazo para estorno \u00e9 de at\u00e9 30 dias \u00fateis.<\/p>\n<p><strong>CONDI\u00c7\u00d5ES DE TROCAS E DEVOLU\u00c7\u00d5ES<\/strong><\/p>\n<p>Para que seja autorizada sua troca ou devolu\u00e7\u00e3o, a mercadoria dever\u00e1 estar:<\/p>\n<p>Com as etiquetas e lacres intactos e fixados ao produto;<br \/>Na embalagem original, n\u00e3o danificada;<br \/>Sem qualquer ind\u00edcio de lavagem ou uso, sem odores, nem manchas, sem danos e sem altera\u00e7\u00f5es feitas pelo cliente (exemplo: ajustes de costura e etc.);<\/p>\n<p>Observa\u00e7\u00e3o: quando recebermos a sua devolu\u00e7\u00e3o, o nosso Departamento de Controle de Qualidade far\u00e1 uma an\u00e1lise dos produtos, que pode ser conclu\u00edda em at\u00e9 7 (sete) dias \u00fateis. Caso a Vest Gala entenda que o produto devolvido n\u00e3o compreende os crit\u00e9rios necess\u00e1rios para a troca ou devolu\u00e7\u00e3o citados acima, a loja online fica dispensada de aceitar a devolu\u00e7\u00e3o ou fazer a troca. A Vest Gala pode, ent\u00e3o, reenviar o produto ao cliente sem consulta pr\u00e9via, acompanhado da justificativa do motivo da recusa.<\/p>\n<p><strong>PRAZOS<\/strong><\/p>\n<p><strong>Troca<\/strong>: solicita\u00e7\u00f5es em at\u00e9 7 (sete) dias, ambos corridos ap\u00f3s o recebimento da compra;<\/p>\n<p><strong>Devolu\u00e7\u00e3o por arrependimento<\/strong>: solicita\u00e7\u00f5es em at\u00e9 7 (sete) dias corridos ap\u00f3s o recebimento da compra. O cliente poder\u00e1 optar pelo estorno do valor pago na mesma modalidade do pagamento original, ou seja:<\/p>\n<p>Vale-compra na loja online Vestgala.com.br para uso em 60 (sessenta) dias ap\u00f3s o recebimento da devolu\u00e7\u00e3o em nossa Central de Distribui\u00e7\u00e3o e avalia\u00e7\u00e3o das pe\u00e7as, caso seja necess\u00e1rio;<br \/>Cr\u00e9dito na fatura para pagamentos no cart\u00e3o de cr\u00e9dito. Ressaltamos que o prazo para estorno no cart\u00e3o de cr\u00e9dito \u00e9 de 30 (trinta) a 60 (sessenta) dias, at\u00e9 duas faturas, conforme as regras das operadoras de cart\u00e3o de cr\u00e9dito;<br \/>Por meio de cancelamento do PIX, o valor pago no PIX ser\u00e1 estornado diretamente na conta que realizou o pagamento;<br \/>Por meio de estorno de transfer\u00eancia banc\u00e1ria, o valor pago ser\u00e1 estornado diretamente na conta que realizou a transfer\u00eancia.<br \/>Defeito: em at\u00e9 90 (noventa) dias ap\u00f3s o recebimento da compra. As solicita\u00e7\u00f5es recebidas ap\u00f3s esse prazo n\u00e3o ser\u00e3o aceitas.<\/p>\n<p><strong>Observa\u00e7\u00e3o<\/strong>: caso voc\u00ea tenha obtido desconto em sua compra referente \u00e0 uma a\u00e7\u00e3o promocional, o estorno ser\u00e1 do valor pago, considerando o desconto.<\/p>\t\t\t\t\t\t<\/div>\n\t\t\t\t<\/div>\n\t\t\t\t\t<\/div>\n\t\t\t\t<\/div>\n\t\t\t\t<\/div>\n\t\t","protected":false},"excerpt":{"rendered":"<p>Pol\u00edtica de trocas e devolu\u00e7\u00f5es POL\u00cdTICAS: TROCA E DEVOLU\u00c7\u00c3O Queremos que a sua experi\u00eancia na loja online vestgala.com.br seja incr\u00edvel! Nossa pol\u00edtica de trocas e devolu\u00e7\u00f5es \u00e9 bem flex\u00edvel, criamos uma pol\u00edtica que atende \u00e0s suas necessidades e respeita a legisla\u00e7\u00e3o vigente (Lei Federal n\u00ba 8.078, de 1990, que deu origem ao C\u00f3digo de Defesa [&hellip;]<\/p>\n","protected":false},"author":1,"featured_media":0,"parent":0,"menu_order":0,"comment_status":"closed","ping_status":"closed","template":"elementor_header_footer","meta":{"footnotes":""},"class_list":["post-34","page","type-page","status-publish","hentry"],"_links":{"self":[{"href":"https:\/\/mestredoceiro.com.br\/layout\/wp-json\/wp\/v2\/pages\/34"}],"collection":[{"href":"https:\/\/mestredoceiro.com.br\/layout\/wp-json\/wp\/v2\/pages"}],"about":[{"href":"https:\/\/mestredoceiro.com.br\/layout\/wp-json\/wp\/v2\/types\/page"}],"author":[{"embeddable":true,"href":"https:\/\/mestredoceiro.com.br\/layout\/wp-json\/wp\/v2\/users\/1"}],"replies":[{"embeddable":true,"href":"https:\/\/mestredoceiro.com.br\/layout\/wp-json\/wp\/v2\/comments?post=34"}],"version-history":[{"count":0,"href":"https:\/\/mestredoceiro.com.br\/layout\/wp-json\/wp\/v2\/pages\/34\/revisions"}],"wp:attachment":[{"href":"https:\/\/mestredoceiro.com.br\/layout\/wp-json\/wp\/v2\/media?parent=34"}],"curies":[{"name":"wp","href":"https:\/\/api.w.org\/{rel}","templated":true}]}}