{"id":33,"date":"2024-06-28T22:52:59","date_gmt":"2024-06-28T22:52:59","guid":{"rendered":"https:\/\/portifolio.id3sistemas.com.br\/vestgala\/minha-conta\/"},"modified":"2024-09-04T00:45:53","modified_gmt":"2024-09-04T00:45:53","slug":"minha-conta","status":"publish","type":"page","link":"https:\/\/mestredoceiro.com.br\/layout\/minha-conta\/","title":{"rendered":"Minha conta"},"content":{"rendered":"\t\t<div data-elementor-type=\"wp-page\" data-elementor-id=\"33\" class=\"elementor elementor-33\" data-elementor-post-type=\"page\">\n\t\t\t\t<div class=\"elementor-element elementor-element-62d95da e-flex e-con-boxed e-con e-parent\" data-id=\"62d95da\" data-element_type=\"container\">\n\t\t\t\t\t<div class=\"e-con-inner\">\n\t\t\t\t<div class=\"elementor-element elementor-element-047133c e-my-account-tabs-vertical elementor-widget elementor-widget-woocommerce-my-account\" data-id=\"047133c\" data-element_type=\"widget\" data-settings=\"{&quot;forms_buttons_hover_animation&quot;:&quot;grow&quot;,&quot;customize_dashboard_check&quot;:&quot;yes&quot;}\" data-widget_type=\"woocommerce-my-account.default\">\n\t\t\t\t<div class=\"elementor-widget-container\">\n\t\t\t<div class=\"e-my-account-tab e-my-account-tab__ \">\t\t\t<div class=\"woocommerce\"><\/div>\t\t<\/div>\n\t\t\t\t<\/div>\n\t\t\t\t<\/div>\n\t\t\t\t\t<\/div>\n\t\t\t\t<\/div>\n\t\t<div class=\"elementor-element elementor-element-fa5d080 e-flex e-con-boxed e-con e-parent\" data-id=\"fa5d080\" data-element_type=\"container\" id=\"rastrear\">\n\t\t\t\t\t<div class=\"e-con-inner\">\n\t\t\t\t<div class=\"elementor-element elementor-element-8c02493 elementor-widget elementor-widget-html\" data-id=\"8c02493\" data-element_type=\"widget\" data-widget_type=\"html.default\">\n\t\t\t\t<div class=\"elementor-widget-container\">\n\t\t\t<div id=\"rastreio\"><\/div> <script> var a = document.createElement(\"script\");\r\na.src = \"https:\/\/rastreio.ninja\/w\/app.js?v=\" + Date.now(); document.head.appendChild(a); <\/script>\r\n\r\n\t\t<\/div>\n\t\t\t\t<\/div>\n\t\t\t\t\t<\/div>\n\t\t\t\t<\/div>\n\t\t\t\t<\/div>\n\t\t","protected":false},"excerpt":{"rendered":"<p>Painel Pedidos Downloads Endere\u00e7os Detalhes da conta Sair Ol\u00e1, id3sistemas (n\u00e3o \u00e9 id3sistemas? Sair) A partir do painel de controle de sua conta, voc\u00ea pode ver suas compras recentes, gerenciar seus endere\u00e7os de entrega e faturamento, e editar sua senha e detalhes da conta.<\/p>\n","protected":false},"author":1,"featured_media":0,"parent":0,"menu_order":0,"comment_status":"closed","ping_status":"closed","template":"elementor_header_footer","meta":{"footnotes":""},"class_list":["post-33","page","type-page","status-publish","hentry"],"_links":{"self":[{"href":"https:\/\/mestredoceiro.com.br\/layout\/wp-json\/wp\/v2\/pages\/33"}],"collection":[{"href":"https:\/\/mestredoceiro.com.br\/layout\/wp-json\/wp\/v2\/pages"}],"about":[{"href":"https:\/\/mestredoceiro.com.br\/layout\/wp-json\/wp\/v2\/types\/page"}],"author":[{"embeddable":true,"href":"https:\/\/mestredoceiro.com.br\/layout\/wp-json\/wp\/v2\/users\/1"}],"replies":[{"embeddable":true,"href":"https:\/\/mestredoceiro.com.br\/layout\/wp-json\/wp\/v2\/comments?post=33"}],"version-history":[{"count":48,"href":"https:\/\/mestredoceiro.com.br\/layout\/wp-json\/wp\/v2\/pages\/33\/revisions"}],"predecessor-version":[{"id":1175,"href":"https:\/\/mestredoceiro.com.br\/layout\/wp-json\/wp\/v2\/pages\/33\/revisions\/1175"}],"wp:attachment":[{"href":"https:\/\/mestredoceiro.com.br\/layout\/wp-json\/wp\/v2\/media?parent=33"}],"curies":[{"name":"wp","href":"https:\/\/api.w.org\/{rel}","templated":true}]}}